{"id":943,"date":"2025-04-02T12:19:00","date_gmt":"2025-04-02T10:19:00","guid":{"rendered":"https:\/\/tabernalaredo.com\/privacy-policy\/"},"modified":"2025-06-12T10:35:04","modified_gmt":"2025-06-12T08:35:04","slug":"privacy-policy","status":"publish","type":"page","link":"https:\/\/tabernalaredo.com\/en\/privacy-policy\/","title":{"rendered":"Privacy Policy"},"content":{"rendered":"\t\t<div data-elementor-type=\"wp-page\" data-elementor-id=\"943\" class=\"elementor elementor-943 elementor-250\" data-elementor-post-type=\"page\">\n\t\t\t\t<div class=\"elementor-element elementor-element-eced4ff e-flex e-con-boxed e-con e-parent\" data-id=\"eced4ff\" data-element_type=\"container\" data-e-type=\"container\" data-settings=\"{&quot;background_background&quot;:&quot;classic&quot;}\">\n\t\t\t\t\t<div class=\"e-con-inner\">\n\t\t\t\t\t<\/div>\n\t\t\t\t<\/div>\n\t\t<div class=\"elementor-element elementor-element-66d86b7 e-flex e-con-boxed e-con e-parent\" data-id=\"66d86b7\" data-element_type=\"container\" data-e-type=\"container\">\n\t\t\t\t\t<div class=\"e-con-inner\">\n\t\t\t\t<div class=\"elementor-element elementor-element-084f8b6 elementor-widget elementor-widget-heading\" data-id=\"084f8b6\" data-element_type=\"widget\" data-e-type=\"widget\" data-widget_type=\"heading.default\">\n\t\t\t\t<div class=\"elementor-widget-container\">\n\t\t\t\t\t<h2 class=\"elementor-heading-title elementor-size-default\">PRIVACY POLICY<\/h2>\t\t\t\t<\/div>\n\t\t\t\t<\/div>\n\t\t\t\t<div class=\"elementor-element elementor-element-cf6e503 elementor-widget elementor-widget-text-editor\" data-id=\"cf6e503\" data-element_type=\"widget\" data-e-type=\"widget\" data-widget_type=\"text-editor.default\">\n\t\t\t\t<div class=\"elementor-widget-container\">\n\t\t\t\t\t\t\t\t\t<p><strong>1.- POL\u00cdTICA DE PRIVACIDAD<\/strong><\/p><p>Taberna Laredo entiende que la privacidad es parte fundamental de la esencia misma de la experiencia \u00fanica que ofrecemos, donde prima la vida saludable y armon\u00eda con la naturaleza.<\/p><p>La presente Pol\u00edtica de privacidad tiene por finalidad informar, de manera clara y precisa a los Usuarios respecto del tratamiento de sus datos personales obtenidos a trav\u00e9s de este Sitio Web <a href=\"https:\/\/tabernalaredo.com\/en\/\">tabernalaredo.com<\/a> (en adelante, el \u201cSitio Web\u201d), llevado a cabo por el responsable del tratamiento.<\/p><p><strong>2.- OBLIGATORIEDAD DE FACILITAR LOS DATOS<\/strong><\/p><p>Los datos solicitados a trav\u00e9s del Sitio Web son, con car\u00e1cter general, obligatorios (salvo que en el campo requerido se especifique lo contrario) para cumplir con las finalidades para las que est\u00e1n siendo recabados.<\/p><p>Por lo tanto, si no se facilitan los mismos o no se facilitan correctamente no podr\u00e1n atenderse las mismas.<\/p><p><strong>3.- \u00bfCON \u01eaU\u00c9 DESTINATARIOS SE COMPARTIR\u00c1N LOS DATOS DEL USUARIO?<\/strong><\/p><p>La correcta atenci\u00f3n del servicio prestado al Usuario implica que otros terceros prestadores de servicios accedan a los datos personales del Usuario como encargados del tratamiento, con los cuales el correspondiente Responsable del tratamiento ha suscrito los correspondientes acuerdos de prestaci\u00f3n de servicios con acceso a datos.<\/p><p>El Usuario entiende que se podr\u00e1n realizar cesiones o comunicaciones de datos personales para atender sus obligaciones con las Administraciones P\u00fablicas en los casos que as\u00ed se requiera de acuerdo con la legislaci\u00f3n vigente en cada momento y en su caso, igualmente a otros \u00f3rganos como Fuerzas y Cuerpos de Seguridad del Estado y a los \u00f3rganos Judiciales.<\/p><p><strong>5.- TRANSFERENCIAS INTERNACIONALES DE DATOS<\/strong><\/p><p>Se podr\u00e1 comunicar o poner los datos personales de los Usuarios en conocimiento de terceras entidades situadas fuera de la UE para la correcta ejecuci\u00f3n de la prestaci\u00f3n de los servicios contratados, as\u00ed como para la atenci\u00f3n de las solicitudes de los Usuarios o para el cumplimiento de alguna de las finalidades indicadas.<\/p><p>En los casos en los que no conste una decisi\u00f3n de adecuaci\u00f3n vigente, se garantiza que la referida transferencia internacional de datos se realizar\u00e1 en cumplimiento de la normativa de protecci\u00f3n de datos aplicable y, en todo caso, mediante el otorgamiento de las garant\u00edas adecuadas. En concreto, mediante la suscripci\u00f3n de las cl\u00e1usulas contractuales tipo aprobadas por la Comisi\u00f3n Europea y, cuando fuese necesario, mediante la adopci\u00f3n de aquellas medidas de garant\u00eda adicional que fuesen oportunas. <\/p><p><strong>6.- CONSERVACI\u00d3N DE LOS DATOS<\/strong><\/p><p>Se conservar\u00e1n los datos de los Usuarios mientras se mantenga vigente la relaci\u00f3n con el Usuario sin perjuicio de la conservaci\u00f3n que resultase necesaria para la formulaci\u00f3n, el ejercicio o la defensa de potenciales reclamaciones y\/o siempre que lo permitiese la legislaci\u00f3n aplicable. Una vez finalizado el mencionado plazo, se proceder\u00e1 a la supresi\u00f3n de los mismos. <\/p><p><strong>7.- RESPONSABILIDAD DEL USUARIO<\/strong><\/p><p>El Usuario garantiza que es mayor de dieciocho (18) a\u00f1os o, en su caso, que se encuentra capacitado para celebrar por s\u00ed mismo los correspondientes contratos de bienes y servicios, y que los datos que facilita son verdaderos, exactos, completos y actualizados. A estos efectos, el Usuario responde de la veracidad de todos los datos que comunique y mantendr\u00e1 convenientemente actualizada la informaci\u00f3n facilitada, de tal forma que responda a su situaci\u00f3n real. <\/p><p>Asimismo, el Usuario garantiza que ha informado a los terceros cuyos datos facilite, en caso de hacerlo, de los aspectos contenidos en este documento. Asimismo, garantiza que ha obtenido su autorizaci\u00f3n para facilitar sus datos para los fines se\u00f1alados. <\/p><p>En este sentido, se informa al Usuario de que ser\u00e1 responsable de las informaciones falsas o inexactas que proporcione a trav\u00e9s de los canales de contacto habilitados y de los da\u00f1os y perjuicios, directos o indirectos, que ello cause a al Responsable del tratamiento o a terceros.<\/p><p><strong>8.- EJERCICIO DE DERECHOS<\/strong><\/p><p>El Usuario cuenta con la posibilidad de ejercitar gratuitamente los derechos de acceso, rectificaci\u00f3n, oposici\u00f3n, supresi\u00f3n, portabilidad y limitaci\u00f3n del tratamiento, as\u00ed como a rechazar el tratamiento automatizado, de los datos personales mediante solicitud escrita y firmada dirigida a la siguiente direcci\u00f3n: C\/Doctor Castelo 30 \u2013 Madrid o a trav\u00e9s de <a style=\"background-color: #ffffff;\" href=\"mailto:laredo@gestoriacarrera.com\">laredo@gestoriacarrera.com<\/a><a href=\"mailto:privacidad@grupogmp.com\">. <\/a>A tales efectos, el Usuario deber\u00e1 enviar dicha comunicaci\u00f3n escrita indicando la petici\u00f3n o derecho que ejercita, nombre y apellidos. \u00danicamente se solicitar\u00e1 una copia de su DNI o documento v\u00e1lido que acredite su identidad (fotocopia del pasaporte) en los supuestos en que puedan existir dudas razonables acerca de la misma y teniendo en consideraci\u00f3n la naturaleza de datos personales objeto del ejercicio de derecho. <\/p><p>El Usuario tiene derecho a oponerse al tratamiento de sus datos con fines promocionales para la recepci\u00f3n de comunicaciones comerciales con la simple notificaci\u00f3n de su voluntad. Para ello, el Usuario podr\u00e1 dirigir su solicitud mediante el procedimiento descrito en el p\u00e1rrafo anterior. Asimismo, el Usuario podr\u00e1 cancelar la recepci\u00f3n de comunicaciones comerciales seg\u00fan la forma prevista en cada comunicaci\u00f3n comercial (por ejemplo, a trav\u00e9s del enlace incluido en cada una de ellas).  <\/p><p>Adem\u00e1s de los anteriores derechos, el Usuario tendr\u00e1 derecho a retirar el consentimiento otorgado en cualquier momento mediante el procedimiento m\u00e1s arriba descrito, sin que dicha retirada de consentimiento afecte a la licitud del tratamiento anterior a la retirada del mismo. En todo caso, se podr\u00e1 continuar tratando los datos del Usuario en la medida en que la ley aplicable lo permita. <\/p><p>Asimismo, el Usuario podr\u00e1 interponer una reclamaci\u00f3n relativa a la protecci\u00f3n de sus datos personales ante la Agencia Espa\u00f1ola de Protecci\u00f3n de Datos en la direcci\u00f3n C\/ Jorge Juan, 6, 28001 \u2013 Madrid, cuando el interesado considere que en el tratamiento de sus datos personales se han vulnerado los derechos que le son reconocidos por la normativa aplicable en protecci\u00f3n de datos.<\/p><p><strong>9.- MEDIDAS DE SEGURIDAD<\/strong><\/p><p>Los datos del Usuario ser\u00e1n tratados en todo momento de forma absolutamente confidencial y guardando el preceptivo deber de secreto respecto de los mismos, de conformidad con lo previsto en la normativa de aplicaci\u00f3n, adoptando al efecto las medidas de \u00edndole t\u00e9cnica y organizativas necesarias que garanticen la seguridad de sus datos y eviten su alteraci\u00f3n, p\u00e9rdida, tratamiento o acceso no autorizado, habida cuenta del estado de la tecnolog\u00eda, la naturaleza de los datos almacenados y los riesgos a que est\u00e1n expuestos.<\/p><p><strong>10.- ADVERTENCIA Y CAMBIOS<\/strong><\/p><p>Esta pol\u00edtica de privacidad aplica \u00fanicamente a los datos personales recogidos o facilitados por el Usuario a trav\u00e9s de cualquiera de los canales habilitados. <\/p><p>Animamos al Usuario a que lea la declaraci\u00f3n de privacidad de todas y cada una de las webs que recogen datos personales.<\/p><p>El Responsable del tratamiento tiene el derecho de revisar y modificar la presente Pol\u00edtica de privacidad en el momento que lo considere oportuno, en cuyo caso se comunicar\u00e1 a los Usuarios. Por esta raz\u00f3n, le rogamos que compruebe de forma regular esta declaraci\u00f3n de privacidad para leer la versi\u00f3n m\u00e1s reciente de la Pol\u00edtica de privacidad, dispuesta en este Sitio Web. <\/p><p><strong>Ultima actualizaci\u00f3n: mayo de 2025.<\/strong><\/p>\t\t\t\t\t\t\t\t<\/div>\n\t\t\t\t<\/div>\n\t\t\t\t\t<\/div>\n\t\t\t\t<\/div>\n\t\t\t\t<\/div>\n\t\t","protected":false},"excerpt":{"rendered":"<p>PRIVACY POLICY 1.- POL\u00cdTICA DE PRIVACIDAD Taberna Laredo entiende que la privacidad es parte fundamental de la esencia misma de la experiencia \u00fanica que ofrecemos, donde prima la vida saludable y armon\u00eda con la naturaleza. La presente Pol\u00edtica de privacidad tiene por finalidad informar, de manera clara y precisa a los Usuarios respecto del tratamiento [&hellip;]<\/p>\n","protected":false},"author":1,"featured_media":0,"parent":0,"menu_order":0,"comment_status":"closed","ping_status":"closed","template":"","meta":{"inline_featured_image":false,"footnotes":""},"class_list":["post-943","page","type-page","status-publish","hentry"],"yoast_head":"<!-- This site is optimized with the Yoast SEO plugin v27.0 - https:\/\/yoast.com\/product\/yoast-seo-wordpress\/ -->\n<title>Privacy Policy - Taberna Laredo<\/title>\n<meta name=\"robots\" content=\"index, follow, max-snippet:-1, max-image-preview:large, max-video-preview:-1\" \/>\n<link rel=\"canonical\" href=\"https:\/\/tabernalaredo.com\/en\/privacy-policy\/\" \/>\n<meta property=\"og:locale\" content=\"en_US\" \/>\n<meta property=\"og:type\" content=\"article\" \/>\n<meta property=\"og:title\" content=\"Privacy Policy - Taberna Laredo\" \/>\n<meta property=\"og:description\" content=\"PRIVACY POLICY 1.- POL\u00cdTICA DE PRIVACIDAD Taberna Laredo entiende que la privacidad es parte fundamental de la esencia misma de la experiencia \u00fanica que ofrecemos, donde prima la vida saludable y armon\u00eda con la naturaleza. La presente Pol\u00edtica de privacidad tiene por finalidad informar, de manera clara y precisa a los Usuarios respecto del tratamiento [&hellip;]\" \/>\n<meta property=\"og:url\" content=\"https:\/\/tabernalaredo.com\/en\/privacy-policy\/\" \/>\n<meta property=\"og:site_name\" content=\"Taberna Laredo\" \/>\n<meta property=\"article:publisher\" content=\"https:\/\/www.facebook.com\/profile.php?id=100063787564076#\" \/>\n<meta property=\"article:modified_time\" content=\"2025-06-12T08:35:04+00:00\" \/>\n<meta name=\"twitter:card\" content=\"summary_large_image\" \/>\n<meta name=\"twitter:label1\" content=\"Est. reading time\" \/>\n\t<meta name=\"twitter:data1\" content=\"6 minutes\" \/>\n<script type=\"application\/ld+json\" class=\"yoast-schema-graph\">{\"@context\":\"https:\/\/schema.org\",\"@graph\":[{\"@type\":\"WebPage\",\"@id\":\"https:\/\/tabernalaredo.com\/en\/privacy-policy\/\",\"url\":\"https:\/\/tabernalaredo.com\/en\/privacy-policy\/\",\"name\":\"Privacy Policy - Taberna Laredo\",\"isPartOf\":{\"@id\":\"https:\/\/tabernalaredo.com\/en\/#website\"},\"datePublished\":\"2025-04-02T10:19:00+00:00\",\"dateModified\":\"2025-06-12T08:35:04+00:00\",\"breadcrumb\":{\"@id\":\"https:\/\/tabernalaredo.com\/en\/privacy-policy\/#breadcrumb\"},\"inLanguage\":\"en-US\",\"potentialAction\":[{\"@type\":\"ReadAction\",\"target\":[\"https:\/\/tabernalaredo.com\/en\/privacy-policy\/\"]}]},{\"@type\":\"BreadcrumbList\",\"@id\":\"https:\/\/tabernalaredo.com\/en\/privacy-policy\/#breadcrumb\",\"itemListElement\":[{\"@type\":\"ListItem\",\"position\":1,\"name\":\"Portada\",\"item\":\"https:\/\/tabernalaredo.com\/en\/home\/\"},{\"@type\":\"ListItem\",\"position\":2,\"name\":\"Privacy Policy\"}]},{\"@type\":\"WebSite\",\"@id\":\"https:\/\/tabernalaredo.com\/en\/#website\",\"url\":\"https:\/\/tabernalaredo.com\/en\/\",\"name\":\"Taberna Laredo\",\"description\":\"Laredo siempre ha sido Barra\",\"publisher\":{\"@id\":\"https:\/\/tabernalaredo.com\/en\/#organization\"},\"potentialAction\":[{\"@type\":\"SearchAction\",\"target\":{\"@type\":\"EntryPoint\",\"urlTemplate\":\"https:\/\/tabernalaredo.com\/en\/?s={search_term_string}\"},\"query-input\":{\"@type\":\"PropertyValueSpecification\",\"valueRequired\":true,\"valueName\":\"search_term_string\"}}],\"inLanguage\":\"en-US\"},{\"@type\":\"Organization\",\"@id\":\"https:\/\/tabernalaredo.com\/en\/#organization\",\"name\":\"Taberna Laredo\",\"url\":\"https:\/\/tabernalaredo.com\/en\/\",\"logo\":{\"@type\":\"ImageObject\",\"inLanguage\":\"en-US\",\"@id\":\"https:\/\/tabernalaredo.com\/en\/#\/schema\/logo\/image\/\",\"url\":\"https:\/\/tabernalaredo.com\/wp-content\/uploads\/2025\/04\/Logotipo-Laredo-Negro-01.svg\",\"contentUrl\":\"https:\/\/tabernalaredo.com\/wp-content\/uploads\/2025\/04\/Logotipo-Laredo-Negro-01.svg\",\"width\":512,\"height\":512,\"caption\":\"Taberna Laredo\"},\"image\":{\"@id\":\"https:\/\/tabernalaredo.com\/en\/#\/schema\/logo\/image\/\"},\"sameAs\":[\"https:\/\/www.facebook.com\/profile.php?id=100063787564076#\",\"https:\/\/www.instagram.com\/explore\/locations\/569836144\/taberna-laredo\"]}]}<\/script>\n<!-- \/ Yoast SEO plugin. -->","yoast_head_json":{"title":"Privacy Policy - Taberna Laredo","robots":{"index":"index","follow":"follow","max-snippet":"max-snippet:-1","max-image-preview":"max-image-preview:large","max-video-preview":"max-video-preview:-1"},"canonical":"https:\/\/tabernalaredo.com\/en\/privacy-policy\/","og_locale":"en_US","og_type":"article","og_title":"Privacy Policy - Taberna Laredo","og_description":"PRIVACY POLICY 1.- POL\u00cdTICA DE PRIVACIDAD Taberna Laredo entiende que la privacidad es parte fundamental de la esencia misma de la experiencia \u00fanica que ofrecemos, donde prima la vida saludable y armon\u00eda con la naturaleza. La presente Pol\u00edtica de privacidad tiene por finalidad informar, de manera clara y precisa a los Usuarios respecto del tratamiento [&hellip;]","og_url":"https:\/\/tabernalaredo.com\/en\/privacy-policy\/","og_site_name":"Taberna Laredo","article_publisher":"https:\/\/www.facebook.com\/profile.php?id=100063787564076#","article_modified_time":"2025-06-12T08:35:04+00:00","twitter_card":"summary_large_image","twitter_misc":{"Est. reading time":"6 minutes"},"schema":{"@context":"https:\/\/schema.org","@graph":[{"@type":"WebPage","@id":"https:\/\/tabernalaredo.com\/en\/privacy-policy\/","url":"https:\/\/tabernalaredo.com\/en\/privacy-policy\/","name":"Privacy Policy - Taberna Laredo","isPartOf":{"@id":"https:\/\/tabernalaredo.com\/en\/#website"},"datePublished":"2025-04-02T10:19:00+00:00","dateModified":"2025-06-12T08:35:04+00:00","breadcrumb":{"@id":"https:\/\/tabernalaredo.com\/en\/privacy-policy\/#breadcrumb"},"inLanguage":"en-US","potentialAction":[{"@type":"ReadAction","target":["https:\/\/tabernalaredo.com\/en\/privacy-policy\/"]}]},{"@type":"BreadcrumbList","@id":"https:\/\/tabernalaredo.com\/en\/privacy-policy\/#breadcrumb","itemListElement":[{"@type":"ListItem","position":1,"name":"Portada","item":"https:\/\/tabernalaredo.com\/en\/home\/"},{"@type":"ListItem","position":2,"name":"Privacy Policy"}]},{"@type":"WebSite","@id":"https:\/\/tabernalaredo.com\/en\/#website","url":"https:\/\/tabernalaredo.com\/en\/","name":"Taberna Laredo","description":"Laredo siempre ha sido Barra","publisher":{"@id":"https:\/\/tabernalaredo.com\/en\/#organization"},"potentialAction":[{"@type":"SearchAction","target":{"@type":"EntryPoint","urlTemplate":"https:\/\/tabernalaredo.com\/en\/?s={search_term_string}"},"query-input":{"@type":"PropertyValueSpecification","valueRequired":true,"valueName":"search_term_string"}}],"inLanguage":"en-US"},{"@type":"Organization","@id":"https:\/\/tabernalaredo.com\/en\/#organization","name":"Taberna Laredo","url":"https:\/\/tabernalaredo.com\/en\/","logo":{"@type":"ImageObject","inLanguage":"en-US","@id":"https:\/\/tabernalaredo.com\/en\/#\/schema\/logo\/image\/","url":"https:\/\/tabernalaredo.com\/wp-content\/uploads\/2025\/04\/Logotipo-Laredo-Negro-01.svg","contentUrl":"https:\/\/tabernalaredo.com\/wp-content\/uploads\/2025\/04\/Logotipo-Laredo-Negro-01.svg","width":512,"height":512,"caption":"Taberna Laredo"},"image":{"@id":"https:\/\/tabernalaredo.com\/en\/#\/schema\/logo\/image\/"},"sameAs":["https:\/\/www.facebook.com\/profile.php?id=100063787564076#","https:\/\/www.instagram.com\/explore\/locations\/569836144\/taberna-laredo"]}]}},"_links":{"self":[{"href":"https:\/\/tabernalaredo.com\/en\/wp-json\/wp\/v2\/pages\/943","targetHints":{"allow":["GET"]}}],"collection":[{"href":"https:\/\/tabernalaredo.com\/en\/wp-json\/wp\/v2\/pages"}],"about":[{"href":"https:\/\/tabernalaredo.com\/en\/wp-json\/wp\/v2\/types\/page"}],"author":[{"embeddable":true,"href":"https:\/\/tabernalaredo.com\/en\/wp-json\/wp\/v2\/users\/1"}],"replies":[{"embeddable":true,"href":"https:\/\/tabernalaredo.com\/en\/wp-json\/wp\/v2\/comments?post=943"}],"version-history":[{"count":1,"href":"https:\/\/tabernalaredo.com\/en\/wp-json\/wp\/v2\/pages\/943\/revisions"}],"predecessor-version":[{"id":944,"href":"https:\/\/tabernalaredo.com\/en\/wp-json\/wp\/v2\/pages\/943\/revisions\/944"}],"wp:attachment":[{"href":"https:\/\/tabernalaredo.com\/en\/wp-json\/wp\/v2\/media?parent=943"}],"curies":[{"name":"wp","href":"https:\/\/api.w.org\/{rel}","templated":true}]}}