{"id":929,"date":"2025-04-02T10:56:16","date_gmt":"2025-04-02T08:56:16","guid":{"rendered":"https:\/\/tabernalaredo.com\/letter\/"},"modified":"2025-07-23T10:13:19","modified_gmt":"2025-07-23T08:13:19","slug":"menu","status":"publish","type":"page","link":"https:\/\/tabernalaredo.com\/en\/menu\/","title":{"rendered":"Menu"},"content":{"rendered":"\t\t<div data-elementor-type=\"wp-page\" data-elementor-id=\"929\" class=\"elementor elementor-929 elementor-201\" data-elementor-post-type=\"page\">\n\t\t\t\t<div class=\"elementor-element elementor-element-e4e5efe e-flex e-con-boxed e-con e-parent\" data-id=\"e4e5efe\" data-element_type=\"container\" data-e-type=\"container\" data-settings=\"{&quot;background_background&quot;:&quot;slideshow&quot;,&quot;background_slideshow_gallery&quot;:[{&quot;id&quot;:204,&quot;url&quot;:&quot;https:\\\/\\\/tabernalaredo.com\\\/wp-content\\\/uploads\\\/2025\\\/04\\\/para-carta.webp&quot;}],&quot;background_slideshow_loop&quot;:&quot;yes&quot;,&quot;background_slideshow_slide_duration&quot;:5000,&quot;background_slideshow_slide_transition&quot;:&quot;fade&quot;,&quot;background_slideshow_transition_duration&quot;:500}\">\n\t\t\t\t\t<div class=\"e-con-inner\">\n\t\t\t\t\t<\/div>\n\t\t\t\t<\/div>\n\t\t<div class=\"elementor-element elementor-element-7578229 e-flex e-con-boxed e-con e-parent\" data-id=\"7578229\" data-element_type=\"container\" data-e-type=\"container\">\n\t\t\t\t\t<div class=\"e-con-inner\">\n\t\t<div class=\"elementor-element elementor-element-9953012 e-con-full e-flex e-con e-child\" data-id=\"9953012\" data-element_type=\"container\" data-e-type=\"container\">\n\t\t\t\t<div class=\"elementor-element elementor-element-3f5e432 elementor-widget elementor-widget-heading\" data-id=\"3f5e432\" data-element_type=\"widget\" data-e-type=\"widget\" data-widget_type=\"heading.default\">\n\t\t\t\t<div class=\"elementor-widget-container\">\n\t\t\t\t\t<h2 class=\"elementor-heading-title elementor-size-default\">SEAFOOD<\/h2>\t\t\t\t<\/div>\n\t\t\t\t<\/div>\n\t\t\t\t<\/div>\n\t\t\t\t<div class=\"elementor-element elementor-element-8360f7d elementor-widget elementor-widget-text-editor\" data-id=\"8360f7d\" data-element_type=\"widget\" data-e-type=\"widget\" data-widget_type=\"text-editor.default\">\n\t\t\t\t<div class=\"elementor-widget-container\">\n\t\t\t\t\t\t\t\t\t<p>&#8211; Grilled scallops with crispy nori seaweed, pico de gallo and Japanese mayonnaise<br>&#8211; Garlic clams<br>&#8211; Roca mussels with mojo pic\u00f3n sauce<br>&#8211; Isla Cristina prawns 1\/4*<br>&#8211; Isla Cristina red shrimp 1\/4*<br>&#8211; Fried or saut\u00e9ed shrimp*<br>&#8211; Garlic clams* &#8211; Garlic clams*.<\/p>\t\t\t\t\t\t\t\t<\/div>\n\t\t\t\t<\/div>\n\t\t\t\t<div class=\"elementor-element elementor-element-265cf35 elementor-widget elementor-widget-text-editor\" data-id=\"265cf35\" data-element_type=\"widget\" data-e-type=\"widget\" data-widget_type=\"text-editor.default\">\n\t\t\t\t<div class=\"elementor-widget-container\">\n\t\t\t\t\t\t\t\t\t<p>*Seasonal product<\/p>\t\t\t\t\t\t\t\t<\/div>\n\t\t\t\t<\/div>\n\t\t\t\t\t<\/div>\n\t\t\t\t<\/div>\n\t\t<div class=\"elementor-element elementor-element-8b1e326 e-flex e-con-boxed e-con e-parent\" data-id=\"8b1e326\" data-element_type=\"container\" data-e-type=\"container\">\n\t\t\t\t\t<div class=\"e-con-inner\">\n\t\t<div class=\"elementor-element elementor-element-96344ea e-con-full e-flex e-con e-child\" data-id=\"96344ea\" data-element_type=\"container\" data-e-type=\"container\">\n\t\t\t\t<div class=\"elementor-element elementor-element-34afc65 elementor-widget elementor-widget-heading\" data-id=\"34afc65\" data-element_type=\"widget\" data-e-type=\"widget\" data-widget_type=\"heading.default\">\n\t\t\t\t<div class=\"elementor-widget-container\">\n\t\t\t\t\t<h2 class=\"elementor-heading-title elementor-size-default\">SALADS<\/h2>\t\t\t\t<\/div>\n\t\t\t\t<\/div>\n\t\t\t\t<\/div>\n\t\t\t\t<div class=\"elementor-element elementor-element-ef7e429 elementor-widget elementor-widget-text-editor\" data-id=\"ef7e429\" data-element_type=\"widget\" data-e-type=\"widget\" data-widget_type=\"text-editor.default\">\n\t\t\t\t<div class=\"elementor-widget-container\">\n\t\t\t\t\t\t\t\t\t<p>&#8211; Burrata with tomato jam, wild mushrooms, pesto and black olives<br>&#8211; Ventresca cake, with avocado, almond alli-olli, roasted peppers and tomato<br>&#8211; Tomato with Ventresca, roasted peppers and onion<br>&#8211; Japanese (with sprouts, avocado, teriyaki and prawns, teriyaki and prawns)<br>&#8211; Temperada (with sprouts, avocado, fresh cheese, tomato, ali-oli and prawns)<br>&#8211; Two cheeses, bacon, mango, sprouts and pine nuts<br>&#8211; Tomato with wild mushrooms and parmesan cheese<br>&#8211; Tomato tartare with burrata, parmesan shavings, pesto and wild mushrooms<\/p>\t\t\t\t\t\t\t\t<\/div>\n\t\t\t\t<\/div>\n\t\t\t\t\t<\/div>\n\t\t\t\t<\/div>\n\t\t<div class=\"elementor-element elementor-element-961a6b6 e-flex e-con-boxed e-con e-parent\" data-id=\"961a6b6\" data-element_type=\"container\" data-e-type=\"container\">\n\t\t\t\t\t<div class=\"e-con-inner\">\n\t\t<div class=\"elementor-element elementor-element-0980f50 e-con-full e-flex e-con e-child\" data-id=\"0980f50\" data-element_type=\"container\" data-e-type=\"container\">\n\t\t\t\t<div class=\"elementor-element elementor-element-6b156be elementor-widget elementor-widget-heading\" data-id=\"6b156be\" data-element_type=\"widget\" data-e-type=\"widget\" data-widget_type=\"heading.default\">\n\t\t\t\t<div class=\"elementor-widget-container\">\n\t\t\t\t\t<h2 class=\"elementor-heading-title elementor-size-default\">FOR SHARING<\/h2>\t\t\t\t<\/div>\n\t\t\t\t<\/div>\n\t\t\t\t<\/div>\n\t\t\t\t<div class=\"elementor-element elementor-element-fb42573 elementor-widget elementor-widget-text-editor\" data-id=\"fb42573\" data-element_type=\"widget\" data-e-type=\"widget\" data-widget_type=\"text-editor.default\">\n\t\t\t\t<div class=\"elementor-widget-container\">\n\t\t\t\t\t\t\t\t\t<p>&#8211; Cubano de pastrami (smoked beef, cheese, gherkins, onion and mustard)<br>&#8211; Bao of Iberian pork belly with pickled onions<br>&#8211; Bao of black pudding with quail egg and potato cream<br>&#8211; Soft shell crab bao with onion encu l tiger prawns with wild asparagus wrapped in Japanese mayonnaise<br>&#8211; Artichoke in confit flower with Iberian jowl, fresh foie, quail egg (ud.)<br>&#8211; Salmorejo with acorn-fed ham<br>&#8211; Cecina croquettes ( 8 ud.)<br>&#8211; Ratatouille with fried eggs or grilled cheese<br>&#8211; Potato omelette with Iberian pork jowl, comt\u00e9 cheese and fried peppers<br>&#8211; Squid tails with almond alli-oli<br>&#8211; Anchovies, anchovies and pa amb tom\u00e0quet (bread with tomato sauce)<br>&#8211; Anchovy Gilda with cheese stuffed peppers<br>&#8211; 100% Iberian acorn-fed pork loin (Candelario)<br>&#8211; Potato omelette with artichokes<br>&#8211; Potato omelet<br>&#8211; Scrambled eggs with acorn-fed Iberian bacon<br>&#8211; 100% Iberian acorn-fed ham with pa amb tom\u00e0quet (bread with tomato)<br>&#8211; Scrambled egg with acorn-fed Iberian ham<br>&#8211; Cecina de Le\u00f3n with pa amb tom\u00e0quet (bread with tomato)<br>&#8211; Torreznos at low temperature with spiced potato cream<br>&#8211; Scrambled eggs with shrimp*.<br>&#8211; Callos de toda la vida<br>&#8211; Roasted eggplant with payoyo cheese cream and fried artichokes<br>&#8211; Can of anchovy 0\/0 (9 pcs)<br>&#8211; Anchovy loin with tomato and cheese<br>&#8211; Sardine loin with fresh cheese<br>&#8211; Lifetime lentils with sausage and ham<br>&#8211; Fresh fried peppers (spicy)<br>&#8211; Saut\u00e9ed chantarella, Perrechico, acorn-fed ham and egg at low temperature*.<br>&#8211; Tear pea with low temperature egg and potato cream*.<br>&#8211; Crab and elver salad<br>&#8211; Asparagus yolk, acorn ham and tear pea*.<\/p>\t\t\t\t\t\t\t\t<\/div>\n\t\t\t\t<\/div>\n\t\t\t\t<div class=\"elementor-element elementor-element-588d19a elementor-widget elementor-widget-text-editor\" data-id=\"588d19a\" data-element_type=\"widget\" data-e-type=\"widget\" data-widget_type=\"text-editor.default\">\n\t\t\t\t<div class=\"elementor-widget-container\">\n\t\t\t\t\t\t\t\t\t<p>*Seasonal product<\/p>\t\t\t\t\t\t\t\t<\/div>\n\t\t\t\t<\/div>\n\t\t\t\t\t<\/div>\n\t\t\t\t<\/div>\n\t\t<div class=\"elementor-element elementor-element-9ca68a7 e-flex e-con-boxed e-con e-parent\" data-id=\"9ca68a7\" data-element_type=\"container\" data-e-type=\"container\">\n\t\t\t\t\t<div class=\"e-con-inner\">\n\t\t<div class=\"elementor-element elementor-element-1321855 e-con-full e-flex e-con e-child\" data-id=\"1321855\" data-element_type=\"container\" data-e-type=\"container\">\n\t\t\t\t<div class=\"elementor-element elementor-element-ca9d5c8 elementor-widget elementor-widget-heading\" data-id=\"ca9d5c8\" data-element_type=\"widget\" data-e-type=\"widget\" data-widget_type=\"heading.default\">\n\t\t\t\t<div class=\"elementor-widget-container\">\n\t\t\t\t\t<h2 class=\"elementor-heading-title elementor-size-default\">FISH*.<\/h2>\t\t\t\t<\/div>\n\t\t\t\t<\/div>\n\t\t\t\t<\/div>\n\t\t\t\t<div class=\"elementor-element elementor-element-814a54b elementor-widget elementor-widget-text-editor\" data-id=\"814a54b\" data-element_type=\"widget\" data-e-type=\"widget\" data-widget_type=\"text-editor.default\">\n\t\t\t\t<div class=\"elementor-widget-container\">\n\t\t\t\t\t\t\t\t\t<p>&#8211; Sea bass fillet with potato and pea lagrima<br>&#8211; Saut\u00e9ed monkfish with prawns and sriracha sauce (spicy)<br>&#8211; Diced cod in tempura with ratatouille<br>&#8211; Sole<br>&#8211; Grouper <br>&#8211; Red mullet<br>&#8211; Sea bass ceviche with prawns<br>&#8211; Giant Puntilla Pontina<br>&#8211; Tuna tartar with fried egg<br>&#8211; Grilled or baked sea bream<br>&#8211; Fried or grilled San Pedro<br>&#8211; Fried rooster<br>&#8211; Turbot<\/p>\t\t\t\t\t\t\t\t<\/div>\n\t\t\t\t<\/div>\n\t\t\t\t<div class=\"elementor-element elementor-element-0e9e2e8 elementor-widget elementor-widget-text-editor\" data-id=\"0e9e2e8\" data-element_type=\"widget\" data-e-type=\"widget\" data-widget_type=\"text-editor.default\">\n\t\t\t\t<div class=\"elementor-widget-container\">\n\t\t\t\t\t\t\t\t\t<p>*The availability of the different varieties of fish will depend on the fish market.<\/p>\t\t\t\t\t\t\t\t<\/div>\n\t\t\t\t<\/div>\n\t\t\t\t\t<\/div>\n\t\t\t\t<\/div>\n\t\t<div class=\"elementor-element elementor-element-5773216 e-flex e-con-boxed e-con e-parent\" data-id=\"5773216\" data-element_type=\"container\" data-e-type=\"container\">\n\t\t\t\t\t<div class=\"e-con-inner\">\n\t\t<div class=\"elementor-element elementor-element-3c8e08e e-con-full e-flex e-con e-child\" data-id=\"3c8e08e\" data-element_type=\"container\" data-e-type=\"container\">\n\t\t\t\t<div class=\"elementor-element elementor-element-f6b94b3 elementor-widget elementor-widget-heading\" data-id=\"f6b94b3\" data-element_type=\"widget\" data-e-type=\"widget\" data-widget_type=\"heading.default\">\n\t\t\t\t<div class=\"elementor-widget-container\">\n\t\t\t\t\t<h2 class=\"elementor-heading-title elementor-size-default\">RICE<\/h2>\t\t\t\t<\/div>\n\t\t\t\t<\/div>\n\t\t\t\t<\/div>\n\t\t\t\t<div class=\"elementor-element elementor-element-5621673 elementor-widget elementor-widget-text-editor\" data-id=\"5621673\" data-element_type=\"widget\" data-e-type=\"widget\" data-widget_type=\"text-editor.default\">\n\t\t\t\t<div class=\"elementor-widget-container\">\n\t\t\t\t\t\t\t\t\t<p>&#8211; Rissotto of seasonal mushrooms (boletus, chantarella and perrechico)*<br>&#8211; Village rice (pl\u00fama, Iberian pork, chorizo and ham)<\/p>\t\t\t\t\t\t\t\t<\/div>\n\t\t\t\t<\/div>\n\t\t\t\t<div class=\"elementor-element elementor-element-817b57a elementor-widget elementor-widget-text-editor\" data-id=\"817b57a\" data-element_type=\"widget\" data-e-type=\"widget\" data-widget_type=\"text-editor.default\">\n\t\t\t\t<div class=\"elementor-widget-container\">\n\t\t\t\t\t\t\t\t\t<p>*Seasonal product<\/p>\t\t\t\t\t\t\t\t<\/div>\n\t\t\t\t<\/div>\n\t\t\t\t\t<\/div>\n\t\t\t\t<\/div>\n\t\t<div class=\"elementor-element elementor-element-d1f634e e-flex e-con-boxed e-con e-parent\" data-id=\"d1f634e\" data-element_type=\"container\" data-e-type=\"container\">\n\t\t\t\t\t<div class=\"e-con-inner\">\n\t\t<div class=\"elementor-element elementor-element-8f185de e-con-full e-flex e-con e-child\" data-id=\"8f185de\" data-element_type=\"container\" data-e-type=\"container\">\n\t\t\t\t<div class=\"elementor-element elementor-element-32f104d elementor-widget elementor-widget-heading\" data-id=\"32f104d\" data-element_type=\"widget\" data-e-type=\"widget\" data-widget_type=\"heading.default\">\n\t\t\t\t<div class=\"elementor-widget-container\">\n\t\t\t\t\t<h2 class=\"elementor-heading-title elementor-size-default\">MEATS<\/h2>\t\t\t\t<\/div>\n\t\t\t\t<\/div>\n\t\t\t\t<\/div>\n\t\t\t\t<div class=\"elementor-element elementor-element-2b306d2 elementor-widget elementor-widget-text-editor\" data-id=\"2b306d2\" data-element_type=\"widget\" data-e-type=\"widget\" data-widget_type=\"text-editor.default\">\n\t\t\t\t<div class=\"elementor-widget-container\">\n\t\t\t\t\t\t\t\t\t<p>&#8211; Entrecote of old beef with 45 days of maturation 500g<br \/>&#8211; Angus beef 500g<br \/>&#8211; Pigeon in two textures.<br \/>&#8211; Old beef chop with 45 days of maturation 1 kilo<br \/>&#8211; Old beef hamburger with bacon, cheddar cheese and onion<br \/>&#8211; Sirloin steak tartar with quail egg<br \/>&#8211; Rabbit chops<\/p>\t\t\t\t\t\t\t\t<\/div>\n\t\t\t\t<\/div>\n\t\t\t\t\t<\/div>\n\t\t\t\t<\/div>\n\t\t<div class=\"elementor-element elementor-element-59e46f5 e-flex e-con-boxed e-con e-parent\" data-id=\"59e46f5\" data-element_type=\"container\" data-e-type=\"container\">\n\t\t\t\t\t<div class=\"e-con-inner\">\n\t\t\t\t<div class=\"elementor-element elementor-element-c63d48f elementor-widget elementor-widget-text-editor\" data-id=\"c63d48f\" data-element_type=\"widget\" data-e-type=\"widget\" data-widget_type=\"text-editor.default\">\n\t\t\t\t<div class=\"elementor-widget-container\">\n\t\t\t\t\t\t\t\t\t<p>Bread service in room 3.00\u20ac per person, in bar 1.50\u20ac per person.<br \/>All prices include VAT.<br \/>All fish has been treated according to the Royal decree 1420\/06.<br \/>You can adapt our dishes to your intolerances.<br \/>We have an allergen menu in the restaurant.<\/p>\t\t\t\t\t\t\t\t<\/div>\n\t\t\t\t<\/div>\n\t\t\t\t<div class=\"elementor-element elementor-element-820c7a1 elementor-widget elementor-widget-image\" data-id=\"820c7a1\" data-element_type=\"widget\" data-e-type=\"widget\" data-widget_type=\"image.default\">\n\t\t\t\t<div class=\"elementor-widget-container\">\n\t\t\t\t\t\t\t\t\t\t\t\t\t\t\t<img fetchpriority=\"high\" decoding=\"async\" width=\"800\" height=\"64\" src=\"https:\/\/tabernalaredo.com\/wp-content\/uploads\/2025\/04\/alergenos-1024x82.png\" class=\"attachment-large size-large wp-image-872\" alt=\"\" srcset=\"https:\/\/tabernalaredo.com\/wp-content\/uploads\/2025\/04\/alergenos-1024x82.png 1024w, https:\/\/tabernalaredo.com\/wp-content\/uploads\/2025\/04\/alergenos-300x24.png 300w, https:\/\/tabernalaredo.com\/wp-content\/uploads\/2025\/04\/alergenos-768x61.png 768w, https:\/\/tabernalaredo.com\/wp-content\/uploads\/2025\/04\/alergenos-1536x123.png 1536w, https:\/\/tabernalaredo.com\/wp-content\/uploads\/2025\/04\/alergenos.png 1579w\" sizes=\"(max-width: 800px) 100vw, 800px\" \/>\t\t\t\t\t\t\t\t\t\t\t\t\t\t\t<\/div>\n\t\t\t\t<\/div>\n\t\t\t\t\t<\/div>\n\t\t\t\t<\/div>\n\t\t\t\t<\/div>\n\t\t","protected":false},"excerpt":{"rendered":"<p>SEAFOOD &#8211; Grilled scallops with crispy nori seaweed, pico de gallo and Japanese mayonnaise&#8211; Garlic clams&#8211; Roca mussels with mojo pic\u00f3n sauce&#8211; Isla Cristina prawns 1\/4*&#8211; Isla Cristina red shrimp 1\/4*&#8211; Fried or saut\u00e9ed shrimp*&#8211; Garlic clams* &#8211; Garlic clams*. *Seasonal product SALADS &#8211; Burrata with tomato jam, wild mushrooms, pesto and black olives&#8211; Ventresca [&hellip;]<\/p>\n","protected":false},"author":1,"featured_media":0,"parent":0,"menu_order":0,"comment_status":"closed","ping_status":"closed","template":"","meta":{"inline_featured_image":false,"footnotes":""},"class_list":["post-929","page","type-page","status-publish","hentry"],"yoast_head":"<!-- This site is optimized with the Yoast SEO plugin v27.0 - https:\/\/yoast.com\/product\/yoast-seo-wordpress\/ -->\n<title>Menu - Taberna Laredo<\/title>\n<meta name=\"robots\" content=\"index, follow, max-snippet:-1, max-image-preview:large, max-video-preview:-1\" \/>\n<link rel=\"canonical\" href=\"https:\/\/tabernalaredo.com\/en\/menu\/\" \/>\n<meta property=\"og:locale\" content=\"en_US\" \/>\n<meta property=\"og:type\" content=\"article\" \/>\n<meta property=\"og:title\" content=\"Menu - Taberna Laredo\" \/>\n<meta property=\"og:description\" content=\"SEAFOOD &#8211; Grilled scallops with crispy nori seaweed, pico de gallo and Japanese mayonnaise&#8211; Garlic clams&#8211; Roca mussels with mojo pic\u00f3n sauce&#8211; Isla Cristina prawns 1\/4*&#8211; Isla Cristina red shrimp 1\/4*&#8211; Fried or saut\u00e9ed shrimp*&#8211; Garlic clams* &#8211; Garlic clams*. *Seasonal product SALADS &#8211; Burrata with tomato jam, wild mushrooms, pesto and black olives&#8211; Ventresca [&hellip;]\" \/>\n<meta property=\"og:url\" content=\"https:\/\/tabernalaredo.com\/en\/menu\/\" \/>\n<meta property=\"og:site_name\" content=\"Taberna Laredo\" \/>\n<meta property=\"article:publisher\" content=\"https:\/\/www.facebook.com\/profile.php?id=100063787564076#\" \/>\n<meta property=\"article:modified_time\" content=\"2025-07-23T08:13:19+00:00\" \/>\n<meta property=\"og:image\" content=\"https:\/\/tabernalaredo.com\/wp-content\/uploads\/2025\/04\/alergenos.png\" \/>\n\t<meta property=\"og:image:width\" content=\"1579\" \/>\n\t<meta property=\"og:image:height\" content=\"126\" \/>\n\t<meta property=\"og:image:type\" content=\"image\/png\" \/>\n<meta name=\"twitter:card\" content=\"summary_large_image\" \/>\n<meta name=\"twitter:label1\" content=\"Est. reading time\" \/>\n\t<meta name=\"twitter:data1\" content=\"3 minutes\" \/>\n<script type=\"application\/ld+json\" class=\"yoast-schema-graph\">{\"@context\":\"https:\/\/schema.org\",\"@graph\":[{\"@type\":\"WebPage\",\"@id\":\"https:\/\/tabernalaredo.com\/en\/menu\/\",\"url\":\"https:\/\/tabernalaredo.com\/en\/menu\/\",\"name\":\"Menu - Taberna Laredo\",\"isPartOf\":{\"@id\":\"https:\/\/tabernalaredo.com\/en\/#website\"},\"primaryImageOfPage\":{\"@id\":\"https:\/\/tabernalaredo.com\/en\/menu\/#primaryimage\"},\"image\":{\"@id\":\"https:\/\/tabernalaredo.com\/en\/menu\/#primaryimage\"},\"thumbnailUrl\":\"https:\/\/tabernalaredo.com\/wp-content\/uploads\/2025\/04\/alergenos-1024x82.png\",\"datePublished\":\"2025-04-02T08:56:16+00:00\",\"dateModified\":\"2025-07-23T08:13:19+00:00\",\"breadcrumb\":{\"@id\":\"https:\/\/tabernalaredo.com\/en\/menu\/#breadcrumb\"},\"inLanguage\":\"en-US\",\"potentialAction\":[{\"@type\":\"ReadAction\",\"target\":[\"https:\/\/tabernalaredo.com\/en\/menu\/\"]}]},{\"@type\":\"ImageObject\",\"inLanguage\":\"en-US\",\"@id\":\"https:\/\/tabernalaredo.com\/en\/menu\/#primaryimage\",\"url\":\"https:\/\/tabernalaredo.com\/wp-content\/uploads\/2025\/04\/alergenos-1024x82.png\",\"contentUrl\":\"https:\/\/tabernalaredo.com\/wp-content\/uploads\/2025\/04\/alergenos-1024x82.png\"},{\"@type\":\"BreadcrumbList\",\"@id\":\"https:\/\/tabernalaredo.com\/en\/menu\/#breadcrumb\",\"itemListElement\":[{\"@type\":\"ListItem\",\"position\":1,\"name\":\"Portada\",\"item\":\"https:\/\/tabernalaredo.com\/en\/home\/\"},{\"@type\":\"ListItem\",\"position\":2,\"name\":\"Menu\"}]},{\"@type\":\"WebSite\",\"@id\":\"https:\/\/tabernalaredo.com\/en\/#website\",\"url\":\"https:\/\/tabernalaredo.com\/en\/\",\"name\":\"Taberna Laredo\",\"description\":\"Laredo siempre ha sido Barra\",\"publisher\":{\"@id\":\"https:\/\/tabernalaredo.com\/en\/#organization\"},\"potentialAction\":[{\"@type\":\"SearchAction\",\"target\":{\"@type\":\"EntryPoint\",\"urlTemplate\":\"https:\/\/tabernalaredo.com\/en\/?s={search_term_string}\"},\"query-input\":{\"@type\":\"PropertyValueSpecification\",\"valueRequired\":true,\"valueName\":\"search_term_string\"}}],\"inLanguage\":\"en-US\"},{\"@type\":\"Organization\",\"@id\":\"https:\/\/tabernalaredo.com\/en\/#organization\",\"name\":\"Taberna Laredo\",\"url\":\"https:\/\/tabernalaredo.com\/en\/\",\"logo\":{\"@type\":\"ImageObject\",\"inLanguage\":\"en-US\",\"@id\":\"https:\/\/tabernalaredo.com\/en\/#\/schema\/logo\/image\/\",\"url\":\"https:\/\/tabernalaredo.com\/wp-content\/uploads\/2025\/04\/Logotipo-Laredo-Negro-01.svg\",\"contentUrl\":\"https:\/\/tabernalaredo.com\/wp-content\/uploads\/2025\/04\/Logotipo-Laredo-Negro-01.svg\",\"width\":512,\"height\":512,\"caption\":\"Taberna Laredo\"},\"image\":{\"@id\":\"https:\/\/tabernalaredo.com\/en\/#\/schema\/logo\/image\/\"},\"sameAs\":[\"https:\/\/www.facebook.com\/profile.php?id=100063787564076#\",\"https:\/\/www.instagram.com\/explore\/locations\/569836144\/taberna-laredo\"]}]}<\/script>\n<!-- \/ Yoast SEO plugin. -->","yoast_head_json":{"title":"Menu - Taberna Laredo","robots":{"index":"index","follow":"follow","max-snippet":"max-snippet:-1","max-image-preview":"max-image-preview:large","max-video-preview":"max-video-preview:-1"},"canonical":"https:\/\/tabernalaredo.com\/en\/menu\/","og_locale":"en_US","og_type":"article","og_title":"Menu - Taberna Laredo","og_description":"SEAFOOD &#8211; Grilled scallops with crispy nori seaweed, pico de gallo and Japanese mayonnaise&#8211; Garlic clams&#8211; Roca mussels with mojo pic\u00f3n sauce&#8211; Isla Cristina prawns 1\/4*&#8211; Isla Cristina red shrimp 1\/4*&#8211; Fried or saut\u00e9ed shrimp*&#8211; Garlic clams* &#8211; Garlic clams*. *Seasonal product SALADS &#8211; Burrata with tomato jam, wild mushrooms, pesto and black olives&#8211; Ventresca [&hellip;]","og_url":"https:\/\/tabernalaredo.com\/en\/menu\/","og_site_name":"Taberna Laredo","article_publisher":"https:\/\/www.facebook.com\/profile.php?id=100063787564076#","article_modified_time":"2025-07-23T08:13:19+00:00","og_image":[{"width":1579,"height":126,"url":"https:\/\/tabernalaredo.com\/wp-content\/uploads\/2025\/04\/alergenos.png","type":"image\/png"}],"twitter_card":"summary_large_image","twitter_misc":{"Est. reading time":"3 minutes"},"schema":{"@context":"https:\/\/schema.org","@graph":[{"@type":"WebPage","@id":"https:\/\/tabernalaredo.com\/en\/menu\/","url":"https:\/\/tabernalaredo.com\/en\/menu\/","name":"Menu - Taberna Laredo","isPartOf":{"@id":"https:\/\/tabernalaredo.com\/en\/#website"},"primaryImageOfPage":{"@id":"https:\/\/tabernalaredo.com\/en\/menu\/#primaryimage"},"image":{"@id":"https:\/\/tabernalaredo.com\/en\/menu\/#primaryimage"},"thumbnailUrl":"https:\/\/tabernalaredo.com\/wp-content\/uploads\/2025\/04\/alergenos-1024x82.png","datePublished":"2025-04-02T08:56:16+00:00","dateModified":"2025-07-23T08:13:19+00:00","breadcrumb":{"@id":"https:\/\/tabernalaredo.com\/en\/menu\/#breadcrumb"},"inLanguage":"en-US","potentialAction":[{"@type":"ReadAction","target":["https:\/\/tabernalaredo.com\/en\/menu\/"]}]},{"@type":"ImageObject","inLanguage":"en-US","@id":"https:\/\/tabernalaredo.com\/en\/menu\/#primaryimage","url":"https:\/\/tabernalaredo.com\/wp-content\/uploads\/2025\/04\/alergenos-1024x82.png","contentUrl":"https:\/\/tabernalaredo.com\/wp-content\/uploads\/2025\/04\/alergenos-1024x82.png"},{"@type":"BreadcrumbList","@id":"https:\/\/tabernalaredo.com\/en\/menu\/#breadcrumb","itemListElement":[{"@type":"ListItem","position":1,"name":"Portada","item":"https:\/\/tabernalaredo.com\/en\/home\/"},{"@type":"ListItem","position":2,"name":"Menu"}]},{"@type":"WebSite","@id":"https:\/\/tabernalaredo.com\/en\/#website","url":"https:\/\/tabernalaredo.com\/en\/","name":"Taberna Laredo","description":"Laredo siempre ha sido Barra","publisher":{"@id":"https:\/\/tabernalaredo.com\/en\/#organization"},"potentialAction":[{"@type":"SearchAction","target":{"@type":"EntryPoint","urlTemplate":"https:\/\/tabernalaredo.com\/en\/?s={search_term_string}"},"query-input":{"@type":"PropertyValueSpecification","valueRequired":true,"valueName":"search_term_string"}}],"inLanguage":"en-US"},{"@type":"Organization","@id":"https:\/\/tabernalaredo.com\/en\/#organization","name":"Taberna Laredo","url":"https:\/\/tabernalaredo.com\/en\/","logo":{"@type":"ImageObject","inLanguage":"en-US","@id":"https:\/\/tabernalaredo.com\/en\/#\/schema\/logo\/image\/","url":"https:\/\/tabernalaredo.com\/wp-content\/uploads\/2025\/04\/Logotipo-Laredo-Negro-01.svg","contentUrl":"https:\/\/tabernalaredo.com\/wp-content\/uploads\/2025\/04\/Logotipo-Laredo-Negro-01.svg","width":512,"height":512,"caption":"Taberna Laredo"},"image":{"@id":"https:\/\/tabernalaredo.com\/en\/#\/schema\/logo\/image\/"},"sameAs":["https:\/\/www.facebook.com\/profile.php?id=100063787564076#","https:\/\/www.instagram.com\/explore\/locations\/569836144\/taberna-laredo"]}]}},"_links":{"self":[{"href":"https:\/\/tabernalaredo.com\/en\/wp-json\/wp\/v2\/pages\/929","targetHints":{"allow":["GET"]}}],"collection":[{"href":"https:\/\/tabernalaredo.com\/en\/wp-json\/wp\/v2\/pages"}],"about":[{"href":"https:\/\/tabernalaredo.com\/en\/wp-json\/wp\/v2\/types\/page"}],"author":[{"embeddable":true,"href":"https:\/\/tabernalaredo.com\/en\/wp-json\/wp\/v2\/users\/1"}],"replies":[{"embeddable":true,"href":"https:\/\/tabernalaredo.com\/en\/wp-json\/wp\/v2\/comments?post=929"}],"version-history":[{"count":8,"href":"https:\/\/tabernalaredo.com\/en\/wp-json\/wp\/v2\/pages\/929\/revisions"}],"predecessor-version":[{"id":1111,"href":"https:\/\/tabernalaredo.com\/en\/wp-json\/wp\/v2\/pages\/929\/revisions\/1111"}],"wp:attachment":[{"href":"https:\/\/tabernalaredo.com\/en\/wp-json\/wp\/v2\/media?parent=929"}],"curies":[{"name":"wp","href":"https:\/\/api.w.org\/{rel}","templated":true}]}}