{"id":925,"date":"2025-04-02T11:47:11","date_gmt":"2025-04-02T09:47:11","guid":{"rendered":"https:\/\/tabernalaredo.com\/legal-notice\/"},"modified":"2025-06-12T10:17:21","modified_gmt":"2025-06-12T08:17:21","slug":"legal-notice","status":"publish","type":"page","link":"https:\/\/tabernalaredo.com\/en\/legal-notice\/","title":{"rendered":"Legal notice"},"content":{"rendered":"\t\t<div data-elementor-type=\"wp-page\" data-elementor-id=\"925\" class=\"elementor elementor-925 elementor-241\" data-elementor-post-type=\"page\">\n\t\t\t\t<div class=\"elementor-element elementor-element-eced4ff e-flex e-con-boxed e-con e-parent\" data-id=\"eced4ff\" data-element_type=\"container\" data-e-type=\"container\" data-settings=\"{&quot;background_background&quot;:&quot;classic&quot;}\">\n\t\t\t\t\t<div class=\"e-con-inner\">\n\t\t\t\t\t<\/div>\n\t\t\t\t<\/div>\n\t\t<div class=\"elementor-element elementor-element-66d86b7 e-flex e-con-boxed e-con e-parent\" data-id=\"66d86b7\" data-element_type=\"container\" data-e-type=\"container\">\n\t\t\t\t\t<div class=\"e-con-inner\">\n\t\t\t\t<div class=\"elementor-element elementor-element-084f8b6 elementor-widget elementor-widget-heading\" data-id=\"084f8b6\" data-element_type=\"widget\" data-e-type=\"widget\" data-widget_type=\"heading.default\">\n\t\t\t\t<div class=\"elementor-widget-container\">\n\t\t\t\t\t<h2 class=\"elementor-heading-title elementor-size-default\">LEGAL NOTICE<\/h2>\t\t\t\t<\/div>\n\t\t\t\t<\/div>\n\t\t\t\t<div class=\"elementor-element elementor-element-cf6e503 elementor-widget elementor-widget-text-editor\" data-id=\"cf6e503\" data-element_type=\"widget\" data-e-type=\"widget\" data-widget_type=\"text-editor.default\">\n\t\t\t\t<div class=\"elementor-widget-container\">\n\t\t\t\t\t\t\t\t\t<p><strong>Taberna Laredo S.L.<\/strong>\u202f(en adelante Laredo), en cumplimiento de la Ley 34\/2002, de 11 de Julio, de la Sociedad de la Informaci\u00f3n y de Comercio Electr\u00f3nico, pone a disposici\u00f3n de sus clientes y de los usuarios de su p\u00e1gina Web, la siguiente informaci\u00f3n.<\/p><p>Este sitio web es propiedad de LAREDO FERNANDEZ MIGUEL ANGEL, S. L. N.E . con domicilio en C\/Doctor Castelo, 30 &#8211; Madrid, con C.I.F. N\u00ba B 83848168, inscrita en el registro mercantil de Madrid, Tomo 8, Folio 35, Secci\u00f3n SLNE, Hoja 211. e-mail de contacto <a href=\"mailto:laredo@gestoriacarrera.com\">laredo@gestoriacarrera.com<\/a>  <\/p><p>Este Aviso Legal establece los t\u00e9rminos y condiciones para acceder y utilizar este Sitio Web (En adelante el Sitio Web) que Taberna Laredo pone gratuitamente a disposici\u00f3n de los usuarios de Internet.<\/p><p>Usted debe leer cuidadosamente y cumplir las estipulaciones del presente Aviso Legal, as\u00ed como los mensajes, instrucciones o advertencias que le sean comunicadas mientras navega a trav\u00e9s del Sitio Web, en especial la pol\u00edtica de privacidad y pol\u00edtica de cookies. El mero acceso a este Sitio Web representa la aceptaci\u00f3n, sin reserva alguna, de estos t\u00e9rminos y condiciones. Si usted est\u00e1 en desacuerdo con estas estipulaciones, no debe utilizar este Sitio Web. Laredo se reserva el derecho de modificar o actualizar, en cualquier momento y sin previo aviso, estos t\u00e9rminos y condiciones.   <\/p><p><strong>El Usuario. \u2013  <\/strong>Quien accede a este Sitio Web propiedad de Laredo, adquiere la condici\u00f3n de Usuario y reconoce haber le\u00eddo, comprendido, y aceptado estos t\u00e9rminos y condiciones.<\/p><p><strong>Condiciones de Uso. \u2013  <\/strong> El Usuario se compromete a utilizar el Sitio Web conforme a los usos autorizados. Queda completamente prohibida la utilizaci\u00f3n del Sitio Web, su contenido y\/o servicios, con prop\u00f3sitos o efectos ilegales, o de cualquier modo que contravenga la Ley, el orden p\u00fablico o este Aviso Legal. Est\u00e1 igualmente prohibido cualquier uso de este Sitio Web que pueda amenazar o vulnerar derechos o intereses de terceros, o que de cualquier modo perturbe o perjudique el prop\u00f3sito, accesibilidad, uso o funcionamiento del sitio.  <\/p><p>El uso de este Sitio Web es gratuito. Algunos de los servicios prestados a trav\u00e9s de este Sitio Web, puede estar regulado por condiciones de uso, pol\u00edticas y\/o instrucciones especiales que, en tales casos, sustituir\u00e1n, completar\u00e1n o modificar\u00e1n el contenido de este Aviso Legal. En el caso de que se produzca modificaci\u00f3n en el Sitio Web o en sus textos, el Usuario deber\u00e1 aceptar la nueva regulaci\u00f3n para poder disfrutar de tales servicios.  <\/p><p><strong>Propiedad Intelectual y Derecho de Autor<\/strong>. \u2013 Este Sitio Web y su contenido (incluyendo, con car\u00e1cter meramente enunciativo, contenidos, marcas comerciales, imagines, \u00edconos, dise\u00f1os, y presentaci\u00f3n general del sitio y sus contenidos) son propiedad de Laredo y est\u00e1n protegidos por derechos de autor, marcas registradas y derechos de propiedad intelectual, conforme a las leyes internacionales y espa\u00f1olas. El acceso a este Sitio Web no confiere en ning\u00fan caso, ni podr\u00e1 ser interpretado como, autorizaci\u00f3n o licencia de ning\u00fan tipo sobre dichos derechos, titularidad de Laredo o de terceras personas. Cualquier autorizaci\u00f3n o licencia sobre las p\u00e1ginas web y su contenido, no supone bajo ning\u00fan concepto la renuncia, transmisi\u00f3n o cesi\u00f3n, total ni parcial, de ninguno de estos derechos.<br>Ciertos nombres, logotipos y otros materiales expuestos en el contenido o en el Sitio Web est\u00e1n debidamente registrados a nombre de Laredo o de otras entidades. El Usuario no est\u00e1 autorizado para utilizar ninguno de dichos elementos, cuya propiedad permanecer\u00e1, en todo caso, bajo titularidad de Laredo o de dichas entidades.<br>Todos los derechos est\u00e1n reservados para Laredo o sus licenciantes. Cualquiera sea el prop\u00f3sito que persiga o el momento en que lo haga, el Usuario tiene prohibido modificar, copiar, distribuir, transmitir, exponer, publicitar, vender y\/o conceder licencias de cualquier contenido de esta Web, as\u00ed como crear trabajos que deriven de los mismos, sin contar con la previa autorizaci\u00f3n expresa y por escrito de Laredo.     <br>El usuario podr\u00e1, ocasionalmente, imprimir copias de las p\u00e1ginas individuales de este Sitio Web, siempre que lo haga para su uso personal, no comercial, y manteniendo, sin alteraciones, los signos referentes a Derechos de Autor, Marcas Registradas, y cualquier otra identificaci\u00f3n concerniente a los derechos de Laredo o de terceras partes. La realizaci\u00f3n de cualquier otra clase de copia, bien en formato electr\u00f3nico, en papel u otra modalidad, queda completamente prohibida. <\/p><p><strong>L\u00edmite de Responsabilidad y Garant\u00eda<\/strong>. \u2013 Todo el contenido del Sitio Web es suministrado a t\u00edtulo informativo, para conveniencia del Usuario y sin garant\u00edas expresas o impl\u00edcitas de ninguna clase. Laredo, sus proveedores, las personas involucradas en la creaci\u00f3n, producci\u00f3n y distribuci\u00f3n de esta Web, no garantizan, ni individual, ni conjuntamente, que el funcionamiento de la misma, ser\u00e1 ininterrumpido o libre de todo error, ni que el servidor que hace accesible su contenido estar\u00e1 libre de virus o componentes da\u00f1inos. Laredo no garantiza la utilidad de este Sitio Web, ni de la informaci\u00f3n y servicios proporcionados a trav\u00e9s del mismo, para ning\u00fan uso, fin o actividad determinados. Las im\u00e1genes de producto no garantizan la disponibilidad del mismo. Laredo se reserva el derecho de realizar cualquier modificaci\u00f3n t\u00e9cnica a fin de mejorar la calidad, eficiencia o efectividad del sistema y su conectividad.<br>El uso de este Sitio Web queda a riego total del Usuario. Ni Laredo, ni sus empresas afiliadas o colaboradoras (como proveedores de contenidos o de servicios de alojamiento\/hosting, a t\u00edtulo meramente enunciativo), ni sus empleados o proveedores, ni las personas o entidades relacionadas con la creaci\u00f3n, producci\u00f3n, distribuci\u00f3n, alojamiento u funcionamiento de este Web Site, ser\u00e1 responsable ante ninguna persona o entidad, de cualquier clase de p\u00e9rdida, da\u00f1o, perjuicio, o reclamo basado o resultante del uso o intento de uso del contenido y\/o informaci\u00f3n de este Sitio Web, o de otros sitios accesibles a trav\u00e9s de enlaces \u2013links- (incluido el uso de, y el acceso a, cualquier software o hardware).      <\/p><p>La informaci\u00f3n contenida en este Sitio Web, puede provenir en ciertos casos, de fuentes ajenas a Laredo, es por ello que esta entidad no avala, ni garantiza en modo alguno la fidelidad, exactitud, veracidad o vigencia de ninguna informaci\u00f3n de esta clase publicada o referida en este Sitio Web.<\/p><p><strong>Enlaces<\/strong>. \u2013 Laredo no controla, y en consecuencia\u202f no es responsable por el contenido de otros Sitios desde los que pueda accederse a este Sitio Web, o a los que \u00e9ste permita acceder a trav\u00e9s de enlaces (links). Laredo pone tales enlaces a disposici\u00f3n del Usuario, para la comodidad y conveniencia de \u00e9ste, acci\u00f3n que en ning\u00fan caso podr\u00e1 ser interpretada como la aprobaci\u00f3n o el patrocinio por parte de Laredo, de los contenidos de dichos Sitios Web, ni como su participaci\u00f3n, bajo ning\u00fan t\u00edtulo, en un Sitio Web distinto a \u00e9ste. Laredo no ofrece ninguna garant\u00eda, expresa o impl\u00edcita, sobre la veracidad, propiedad, validez o legalidad de cualquiera de los Sitios Enlazados y su contenido.   <\/p><p><strong>Jurisdicci\u00f3n y Ley Aplicable<\/strong>. \u2013 Este Sitio Web, sus contenidos y servicios, tienen como idioma principal el espa\u00f1ol, por lo que en el caso de que acceda a trav\u00e9s de textos traducidos debe considerar que en caso de discrepancia tendr\u00e1 validez el texto expresado en espa\u00f1ol. <\/p><p>Del mismo modo, este Sitio Web, sus contenidos y servicios, se rigen por la legislaci\u00f3n com\u00fan espa\u00f1ola, e igualmente cualquiera de los textos, t\u00e9rminos y condiciones que aparecen en la web, deber\u00e1n interpretarse conforme a la misma.<\/p><p>Para cualquier cuesti\u00f3n o controversia que pudiera surgir, las partes, se someten a la legislaci\u00f3n com\u00fan espa\u00f1ola y con renuncia expresa a cualquier otro fuero que pudiera corresponderles, acuerdan someterse a los Juzgados y Tribunales de Madrid.<\/p>\t\t\t\t\t\t\t\t<\/div>\n\t\t\t\t<\/div>\n\t\t\t\t\t<\/div>\n\t\t\t\t<\/div>\n\t\t\t\t<\/div>\n\t\t","protected":false},"excerpt":{"rendered":"<p>LEGAL NOTICE Taberna Laredo S.L.\u202f(en adelante Laredo), en cumplimiento de la Ley 34\/2002, de 11 de Julio, de la Sociedad de la Informaci\u00f3n y de Comercio Electr\u00f3nico, pone a disposici\u00f3n de sus clientes y de los usuarios de su p\u00e1gina Web, la siguiente informaci\u00f3n. Este sitio web es propiedad de LAREDO FERNANDEZ MIGUEL ANGEL, S. [&hellip;]<\/p>\n","protected":false},"author":1,"featured_media":0,"parent":0,"menu_order":0,"comment_status":"closed","ping_status":"closed","template":"","meta":{"inline_featured_image":false,"footnotes":""},"class_list":["post-925","page","type-page","status-publish","hentry"],"yoast_head":"<!-- This site is optimized with the Yoast SEO plugin v27.0 - https:\/\/yoast.com\/product\/yoast-seo-wordpress\/ -->\n<title>Legal notice - Taberna Laredo<\/title>\n<meta name=\"robots\" content=\"index, follow, max-snippet:-1, max-image-preview:large, max-video-preview:-1\" \/>\n<link rel=\"canonical\" href=\"https:\/\/tabernalaredo.com\/en\/legal-notice\/\" \/>\n<meta property=\"og:locale\" content=\"en_US\" \/>\n<meta property=\"og:type\" content=\"article\" \/>\n<meta property=\"og:title\" content=\"Legal notice - Taberna Laredo\" \/>\n<meta property=\"og:description\" content=\"LEGAL NOTICE Taberna Laredo S.L.\u202f(en adelante Laredo), en cumplimiento de la Ley 34\/2002, de 11 de Julio, de la Sociedad de la Informaci\u00f3n y de Comercio Electr\u00f3nico, pone a disposici\u00f3n de sus clientes y de los usuarios de su p\u00e1gina Web, la siguiente informaci\u00f3n. Este sitio web es propiedad de LAREDO FERNANDEZ MIGUEL ANGEL, S. [&hellip;]\" \/>\n<meta property=\"og:url\" content=\"https:\/\/tabernalaredo.com\/en\/legal-notice\/\" \/>\n<meta property=\"og:site_name\" content=\"Taberna Laredo\" \/>\n<meta property=\"article:publisher\" content=\"https:\/\/www.facebook.com\/profile.php?id=100063787564076#\" \/>\n<meta property=\"article:modified_time\" content=\"2025-06-12T08:17:21+00:00\" \/>\n<meta name=\"twitter:card\" content=\"summary_large_image\" \/>\n<meta name=\"twitter:label1\" content=\"Est. reading time\" \/>\n\t<meta name=\"twitter:data1\" content=\"7 minutes\" \/>\n<script type=\"application\/ld+json\" class=\"yoast-schema-graph\">{\"@context\":\"https:\/\/schema.org\",\"@graph\":[{\"@type\":\"WebPage\",\"@id\":\"https:\/\/tabernalaredo.com\/en\/legal-notice\/\",\"url\":\"https:\/\/tabernalaredo.com\/en\/legal-notice\/\",\"name\":\"Legal notice - Taberna Laredo\",\"isPartOf\":{\"@id\":\"https:\/\/tabernalaredo.com\/en\/#website\"},\"datePublished\":\"2025-04-02T09:47:11+00:00\",\"dateModified\":\"2025-06-12T08:17:21+00:00\",\"breadcrumb\":{\"@id\":\"https:\/\/tabernalaredo.com\/en\/legal-notice\/#breadcrumb\"},\"inLanguage\":\"en-US\",\"potentialAction\":[{\"@type\":\"ReadAction\",\"target\":[\"https:\/\/tabernalaredo.com\/en\/legal-notice\/\"]}]},{\"@type\":\"BreadcrumbList\",\"@id\":\"https:\/\/tabernalaredo.com\/en\/legal-notice\/#breadcrumb\",\"itemListElement\":[{\"@type\":\"ListItem\",\"position\":1,\"name\":\"Portada\",\"item\":\"https:\/\/tabernalaredo.com\/en\/home\/\"},{\"@type\":\"ListItem\",\"position\":2,\"name\":\"Legal notice\"}]},{\"@type\":\"WebSite\",\"@id\":\"https:\/\/tabernalaredo.com\/en\/#website\",\"url\":\"https:\/\/tabernalaredo.com\/en\/\",\"name\":\"Taberna Laredo\",\"description\":\"Laredo siempre ha sido Barra\",\"publisher\":{\"@id\":\"https:\/\/tabernalaredo.com\/en\/#organization\"},\"potentialAction\":[{\"@type\":\"SearchAction\",\"target\":{\"@type\":\"EntryPoint\",\"urlTemplate\":\"https:\/\/tabernalaredo.com\/en\/?s={search_term_string}\"},\"query-input\":{\"@type\":\"PropertyValueSpecification\",\"valueRequired\":true,\"valueName\":\"search_term_string\"}}],\"inLanguage\":\"en-US\"},{\"@type\":\"Organization\",\"@id\":\"https:\/\/tabernalaredo.com\/en\/#organization\",\"name\":\"Taberna Laredo\",\"url\":\"https:\/\/tabernalaredo.com\/en\/\",\"logo\":{\"@type\":\"ImageObject\",\"inLanguage\":\"en-US\",\"@id\":\"https:\/\/tabernalaredo.com\/en\/#\/schema\/logo\/image\/\",\"url\":\"https:\/\/tabernalaredo.com\/wp-content\/uploads\/2025\/04\/Logotipo-Laredo-Negro-01.svg\",\"contentUrl\":\"https:\/\/tabernalaredo.com\/wp-content\/uploads\/2025\/04\/Logotipo-Laredo-Negro-01.svg\",\"width\":512,\"height\":512,\"caption\":\"Taberna Laredo\"},\"image\":{\"@id\":\"https:\/\/tabernalaredo.com\/en\/#\/schema\/logo\/image\/\"},\"sameAs\":[\"https:\/\/www.facebook.com\/profile.php?id=100063787564076#\",\"https:\/\/www.instagram.com\/explore\/locations\/569836144\/taberna-laredo\"]}]}<\/script>\n<!-- \/ Yoast SEO plugin. -->","yoast_head_json":{"title":"Legal notice - Taberna Laredo","robots":{"index":"index","follow":"follow","max-snippet":"max-snippet:-1","max-image-preview":"max-image-preview:large","max-video-preview":"max-video-preview:-1"},"canonical":"https:\/\/tabernalaredo.com\/en\/legal-notice\/","og_locale":"en_US","og_type":"article","og_title":"Legal notice - Taberna Laredo","og_description":"LEGAL NOTICE Taberna Laredo S.L.\u202f(en adelante Laredo), en cumplimiento de la Ley 34\/2002, de 11 de Julio, de la Sociedad de la Informaci\u00f3n y de Comercio Electr\u00f3nico, pone a disposici\u00f3n de sus clientes y de los usuarios de su p\u00e1gina Web, la siguiente informaci\u00f3n. Este sitio web es propiedad de LAREDO FERNANDEZ MIGUEL ANGEL, S. [&hellip;]","og_url":"https:\/\/tabernalaredo.com\/en\/legal-notice\/","og_site_name":"Taberna Laredo","article_publisher":"https:\/\/www.facebook.com\/profile.php?id=100063787564076#","article_modified_time":"2025-06-12T08:17:21+00:00","twitter_card":"summary_large_image","twitter_misc":{"Est. reading time":"7 minutes"},"schema":{"@context":"https:\/\/schema.org","@graph":[{"@type":"WebPage","@id":"https:\/\/tabernalaredo.com\/en\/legal-notice\/","url":"https:\/\/tabernalaredo.com\/en\/legal-notice\/","name":"Legal notice - Taberna Laredo","isPartOf":{"@id":"https:\/\/tabernalaredo.com\/en\/#website"},"datePublished":"2025-04-02T09:47:11+00:00","dateModified":"2025-06-12T08:17:21+00:00","breadcrumb":{"@id":"https:\/\/tabernalaredo.com\/en\/legal-notice\/#breadcrumb"},"inLanguage":"en-US","potentialAction":[{"@type":"ReadAction","target":["https:\/\/tabernalaredo.com\/en\/legal-notice\/"]}]},{"@type":"BreadcrumbList","@id":"https:\/\/tabernalaredo.com\/en\/legal-notice\/#breadcrumb","itemListElement":[{"@type":"ListItem","position":1,"name":"Portada","item":"https:\/\/tabernalaredo.com\/en\/home\/"},{"@type":"ListItem","position":2,"name":"Legal notice"}]},{"@type":"WebSite","@id":"https:\/\/tabernalaredo.com\/en\/#website","url":"https:\/\/tabernalaredo.com\/en\/","name":"Taberna Laredo","description":"Laredo siempre ha sido Barra","publisher":{"@id":"https:\/\/tabernalaredo.com\/en\/#organization"},"potentialAction":[{"@type":"SearchAction","target":{"@type":"EntryPoint","urlTemplate":"https:\/\/tabernalaredo.com\/en\/?s={search_term_string}"},"query-input":{"@type":"PropertyValueSpecification","valueRequired":true,"valueName":"search_term_string"}}],"inLanguage":"en-US"},{"@type":"Organization","@id":"https:\/\/tabernalaredo.com\/en\/#organization","name":"Taberna Laredo","url":"https:\/\/tabernalaredo.com\/en\/","logo":{"@type":"ImageObject","inLanguage":"en-US","@id":"https:\/\/tabernalaredo.com\/en\/#\/schema\/logo\/image\/","url":"https:\/\/tabernalaredo.com\/wp-content\/uploads\/2025\/04\/Logotipo-Laredo-Negro-01.svg","contentUrl":"https:\/\/tabernalaredo.com\/wp-content\/uploads\/2025\/04\/Logotipo-Laredo-Negro-01.svg","width":512,"height":512,"caption":"Taberna Laredo"},"image":{"@id":"https:\/\/tabernalaredo.com\/en\/#\/schema\/logo\/image\/"},"sameAs":["https:\/\/www.facebook.com\/profile.php?id=100063787564076#","https:\/\/www.instagram.com\/explore\/locations\/569836144\/taberna-laredo"]}]}},"_links":{"self":[{"href":"https:\/\/tabernalaredo.com\/en\/wp-json\/wp\/v2\/pages\/925","targetHints":{"allow":["GET"]}}],"collection":[{"href":"https:\/\/tabernalaredo.com\/en\/wp-json\/wp\/v2\/pages"}],"about":[{"href":"https:\/\/tabernalaredo.com\/en\/wp-json\/wp\/v2\/types\/page"}],"author":[{"embeddable":true,"href":"https:\/\/tabernalaredo.com\/en\/wp-json\/wp\/v2\/users\/1"}],"replies":[{"embeddable":true,"href":"https:\/\/tabernalaredo.com\/en\/wp-json\/wp\/v2\/comments?post=925"}],"version-history":[{"count":1,"href":"https:\/\/tabernalaredo.com\/en\/wp-json\/wp\/v2\/pages\/925\/revisions"}],"predecessor-version":[{"id":926,"href":"https:\/\/tabernalaredo.com\/en\/wp-json\/wp\/v2\/pages\/925\/revisions\/926"}],"wp:attachment":[{"href":"https:\/\/tabernalaredo.com\/en\/wp-json\/wp\/v2\/media?parent=925"}],"curies":[{"name":"wp","href":"https:\/\/api.w.org\/{rel}","templated":true}]}}